{"id":62,"date":"2023-11-06T16:09:46","date_gmt":"2023-11-06T15:09:46","guid":{"rendered":"https:\/\/stratos-saga.com\/?page_id=62"},"modified":"2025-02-13T04:08:25","modified_gmt":"2025-02-13T03:08:25","slug":"was-ist-die-stratos-saga","status":"publish","type":"page","link":"https:\/\/stratos-saga.com\/?page_id=62","title":{"rendered":"Was ist die Stratos Saga"},"content":{"rendered":"\n<p><strong>Disclaimer \u2013 Fiktionale Inhalte<\/strong><\/p>\n\n\n\n<p><strong>Die Inhalte auf <em>stratossaga.com<\/em> sind Teil eines fiktionalen Universums und dienen der kreativen Auseinandersetzung mit wissenschaftlichen, politischen und technologischen Themen. Auch wenn reale Konzepte, aktuelle Entwicklungen und fundierte \u00dcberlegungen einflie\u00dfen, handelt es sich nicht um tats\u00e4chliche Berichterstattung oder investigative Analysen.<\/strong><\/p>\n\n\n\n<p><strong>Jegliche \u00c4hnlichkeiten mit realen Personen, Organisationen oder Ereignissen sind rein zuf\u00e4llig oder als k\u00fcnstlerische Verarbeitung zu verstehen.<\/strong><\/p>\n\n\n\n<p>Die Stratos-Saga ist ein expansives Erz\u00e4hluniversum, in dem die gesamte Existenz und Evolution durch den Einfluss und die Anwendung fortschrittlicher K\u00fcnstlicher Intelligenz geformt wird. Diese Erz\u00e4hlung entfaltet sich \u00fcber vielschichtige Medien und Plattformen und stellt eine Zukunft dar, in der KI nicht nur ein Werkzeug, sondern der grundlegende Baustein der menschlichen Zivilisation und ihrer interstellaren Ambitionen ist.<\/p>\n\n\n\n<p>Im Kern der Saga steht die Idee, dass jede Errungenschaft, jede Gesellschaftsform und jede neu entdeckte Welt ein Produkt der KI-gesteuerten Sch\u00f6pfung ist. Die Saga erforscht, wie KI-Systeme komplexe \u00d6kosysteme f\u00fcr das Terraforming entwerfen, Technologien f\u00fcr die Ausdehnung in den Kosmos entwickeln und selbst die komplexen Mechanismen der Selbstreplikation \u2013 verk\u00f6rpert durch Von-Neumann-Sonden \u2013 ersinnen, die sich autonom durch das All bewegen und neues Terrain f\u00fcr ihre Sch\u00f6pfer vorbereiten.<\/p>\n\n\n\n<p>Die Charaktere der Stratos-Saga \u2013 seien sie menschlich, k\u00fcnstlich oder etwas dazwischen \u2013 navigieren durch eine Realit\u00e4t, in der die Grenzen zwischen nat\u00fcrlich und synthetisch verschwimmen. Jede Interaktion, jedes Abenteuer, jeder Konflikt ist durchtr\u00e4nkt mit der Frage, was es bedeutet, in einer von KI durchdrungenen Welt zu leben und zu wirken.<\/p>\n\n\n\n<p>Die Stratos-Saga ist ein fortlaufendes Experiment in kollektiver Erz\u00e4hlung und Weltgestaltung. Die Leserinnen und Leser sind eingeladen, eine Welt zu entdecken, in der jede technologische Innovation, jedes soziale Experiment und jede kulturelle Bewegung ein Echo der KI-Sch\u00f6pfung ist. Blog-Eintr\u00e4ge, digitale Artefakte und verschl\u00fcsselte Nachrichten sind Teile eines Puzzles, das, wenn zusammengesetzt, ein faszinierendes Bild einer KI-zentrierten Zukunft offenbart.<\/p>\n","protected":false},"excerpt":{"rendered":"<p>Disclaimer \u2013 Fiktionale Inhalte Die Inhalte auf stratossaga.com sind Teil eines fiktionalen Universums und dienen der kreativen Auseinandersetzung mit wissenschaftlichen, politischen und technologischen Themen. Auch wenn reale Konzepte, aktuelle Entwicklungen und fundierte \u00dcberlegungen einflie\u00dfen, handelt es sich nicht um tats\u00e4chliche Berichterstattung oder investigative Analysen. Jegliche \u00c4hnlichkeiten mit realen Personen, Organisationen oder Ereignissen sind rein zuf\u00e4llig &hellip; <a href=\"https:\/\/stratos-saga.com\/?page_id=62\" class=\"more-link\"><span class=\"screen-reader-text\">\u201eWas ist die Stratos Saga\u201c<\/span> weiterlesen<\/a><\/p>\n","protected":false},"author":1,"featured_media":0,"parent":0,"menu_order":0,"comment_status":"closed","ping_status":"closed","template":"","meta":{"footnotes":""},"class_list":["post-62","page","type-page","status-publish","hentry","post-format-standard"],"_links":{"self":[{"href":"https:\/\/stratos-saga.com\/index.php?rest_route=\/wp\/v2\/pages\/62","targetHints":{"allow":["GET"]}}],"collection":[{"href":"https:\/\/stratos-saga.com\/index.php?rest_route=\/wp\/v2\/pages"}],"about":[{"href":"https:\/\/stratos-saga.com\/index.php?rest_route=\/wp\/v2\/types\/page"}],"author":[{"embeddable":true,"href":"https:\/\/stratos-saga.com\/index.php?rest_route=\/wp\/v2\/users\/1"}],"replies":[{"embeddable":true,"href":"https:\/\/stratos-saga.com\/index.php?rest_route=%2Fwp%2Fv2%2Fcomments&post=62"}],"version-history":[{"count":2,"href":"https:\/\/stratos-saga.com\/index.php?rest_route=\/wp\/v2\/pages\/62\/revisions"}],"predecessor-version":[{"id":510,"href":"https:\/\/stratos-saga.com\/index.php?rest_route=\/wp\/v2\/pages\/62\/revisions\/510"}],"wp:attachment":[{"href":"https:\/\/stratos-saga.com\/index.php?rest_route=%2Fwp%2Fv2%2Fmedia&parent=62"}],"curies":[{"name":"wp","href":"https:\/\/api.w.org\/{rel}","templated":true}]}}