{"id":465,"date":"2025-01-16T23:45:43","date_gmt":"2025-01-16T22:45:43","guid":{"rendered":"https:\/\/stratos-saga.com\/?page_id=465"},"modified":"2025-01-16T23:45:46","modified_gmt":"2025-01-16T22:45:46","slug":"dr-isabella-izzy-carver","status":"publish","type":"page","link":"https:\/\/stratos-saga.com\/?page_id=465","title":{"rendered":"Dr. Isabella \u201eIzzy\u201c Carver"},"content":{"rendered":"\n<figure class=\"wp-block-image size-full\"><img loading=\"lazy\" decoding=\"async\" width=\"1024\" height=\"1024\" src=\"https:\/\/stratos-saga.com\/wp-content\/uploads\/2025\/01\/DALL\u00b7E-2025-01-16-23.45.25-A-portrait-of-Dr.-Isabella-Izzy-Carver-a-strategic-and-sharp-minded-software-engineer-leading-a-team-in-a-cutting-edge-tech-company.-She-is-a-woman.webp\" alt=\"\" class=\"wp-image-466\" srcset=\"https:\/\/stratos-saga.com\/wp-content\/uploads\/2025\/01\/DALL\u00b7E-2025-01-16-23.45.25-A-portrait-of-Dr.-Isabella-Izzy-Carver-a-strategic-and-sharp-minded-software-engineer-leading-a-team-in-a-cutting-edge-tech-company.-She-is-a-woman.webp 1024w, https:\/\/stratos-saga.com\/wp-content\/uploads\/2025\/01\/DALL\u00b7E-2025-01-16-23.45.25-A-portrait-of-Dr.-Isabella-Izzy-Carver-a-strategic-and-sharp-minded-software-engineer-leading-a-team-in-a-cutting-edge-tech-company.-She-is-a-woman-300x300.webp 300w, https:\/\/stratos-saga.com\/wp-content\/uploads\/2025\/01\/DALL\u00b7E-2025-01-16-23.45.25-A-portrait-of-Dr.-Isabella-Izzy-Carver-a-strategic-and-sharp-minded-software-engineer-leading-a-team-in-a-cutting-edge-tech-company.-She-is-a-woman-150x150.webp 150w, https:\/\/stratos-saga.com\/wp-content\/uploads\/2025\/01\/DALL\u00b7E-2025-01-16-23.45.25-A-portrait-of-Dr.-Isabella-Izzy-Carver-a-strategic-and-sharp-minded-software-engineer-leading-a-team-in-a-cutting-edge-tech-company.-She-is-a-woman-768x768.webp 768w\" sizes=\"auto, (max-width: 709px) 85vw, (max-width: 909px) 67vw, (max-width: 1362px) 62vw, 840px\" \/><\/figure>\n\n\n\n<p><strong>Hintergrund:<\/strong><\/p>\n\n\n\n<ul class=\"wp-block-list\">\n<li>Promovierte Software-Ingenieurin mit Fokus auf adaptive Algorithmen und Machine Learning.<\/li>\n\n\n\n<li>Fr\u00fchere Positionen in der KI-Entwicklung bei gro\u00dfen Tech-Konzernen, bevor sie sich entschied, zu CelestiaTech zu wechseln.<\/li>\n\n\n\n<li>Starker Gesch\u00e4ftssinn und enge Zusammenarbeit mit Max Fairchild, um aus Alens und Franz\u2019 experimentellen Konzepten marktf\u00e4hige Produkte zu schaffen.<\/li>\n<\/ul>\n\n\n\n<p><strong>Pers\u00f6nlichkeit:<\/strong><br>Izzy ist pragmatisch und strategisch. Sie respektiert Alens vision\u00e4ren Ansatz, sieht aber ihre Hauptaufgabe darin, sicherzustellen, dass diese Vision in konkrete, verkaufbare L\u00f6sungen \u00fcbersetzt wird. Ihre Dynamik mit Max ist professionell und von gegenseitiger Anerkennung gepr\u00e4gt, auch wenn sie gelegentlich in hitzige Diskussionen geraten.<\/p>\n\n\n\n<p><strong>Zitat:<\/strong><br><em>\u201eEine Idee ist nur so gut wie der Code, der sie in die Welt bringt. Wir m\u00fcssen aus BIIL etwas machen, das die Welt nicht nur beeindruckt, sondern ver\u00e4ndert \u2013 und daf\u00fcr bezahlt.\u201c<\/em><\/p>\n","protected":false},"excerpt":{"rendered":"<p>Hintergrund: Pers\u00f6nlichkeit:Izzy ist pragmatisch und strategisch. Sie respektiert Alens vision\u00e4ren Ansatz, sieht aber ihre Hauptaufgabe darin, sicherzustellen, dass diese Vision in konkrete, verkaufbare L\u00f6sungen \u00fcbersetzt wird. Ihre Dynamik mit Max ist professionell und von gegenseitiger Anerkennung gepr\u00e4gt, auch wenn sie gelegentlich in hitzige Diskussionen geraten. Zitat:\u201eEine Idee ist nur so gut wie der Code, der &hellip; <a href=\"https:\/\/stratos-saga.com\/?page_id=465\" class=\"more-link\"><span class=\"screen-reader-text\">\u201eDr. Isabella \u201eIzzy\u201c Carver\u201c<\/span> weiterlesen<\/a><\/p>\n","protected":false},"author":1,"featured_media":0,"parent":0,"menu_order":0,"comment_status":"closed","ping_status":"closed","template":"","meta":{"footnotes":""},"class_list":["post-465","page","type-page","status-publish","hentry","post-format-standard"],"_links":{"self":[{"href":"https:\/\/stratos-saga.com\/index.php?rest_route=\/wp\/v2\/pages\/465","targetHints":{"allow":["GET"]}}],"collection":[{"href":"https:\/\/stratos-saga.com\/index.php?rest_route=\/wp\/v2\/pages"}],"about":[{"href":"https:\/\/stratos-saga.com\/index.php?rest_route=\/wp\/v2\/types\/page"}],"author":[{"embeddable":true,"href":"https:\/\/stratos-saga.com\/index.php?rest_route=\/wp\/v2\/users\/1"}],"replies":[{"embeddable":true,"href":"https:\/\/stratos-saga.com\/index.php?rest_route=%2Fwp%2Fv2%2Fcomments&post=465"}],"version-history":[{"count":1,"href":"https:\/\/stratos-saga.com\/index.php?rest_route=\/wp\/v2\/pages\/465\/revisions"}],"predecessor-version":[{"id":467,"href":"https:\/\/stratos-saga.com\/index.php?rest_route=\/wp\/v2\/pages\/465\/revisions\/467"}],"wp:attachment":[{"href":"https:\/\/stratos-saga.com\/index.php?rest_route=%2Fwp%2Fv2%2Fmedia&parent=465"}],"curies":[{"name":"wp","href":"https:\/\/api.w.org\/{rel}","templated":true}]}}