{"id":260,"date":"2023-11-27T11:40:05","date_gmt":"2023-11-27T10:40:05","guid":{"rendered":"https:\/\/stratos-saga.com\/?page_id=260"},"modified":"2023-11-27T11:46:53","modified_gmt":"2023-11-27T10:46:53","slug":"mia-zyll","status":"publish","type":"page","link":"https:\/\/stratos-saga.com\/?page_id=260","title":{"rendered":"Mia Zyll"},"content":{"rendered":"\n<p><strong>Vollst\u00e4ndiger Name:<\/strong> Mia Zyll<\/p>\n\n\n\n<p><strong>Geburtsdatum:<\/strong> 7. M\u00e4rz.1992<\/p>\n\n\n\n<p><strong>Studiengang:<\/strong> Informatik Schwerpunkt Integration Medien-Design<\/p>\n\n\n\n<p><strong>Interessen:<\/strong> Kunst, Kultur, Natur, soziale Medien <\/p>\n\n\n\n<p><strong>Pers\u00f6nliche Eigenschaften:<\/strong> Lebensfroh, kreativ, optimistisch, sozial engagiert <strong>Kurze Biografie:<\/strong> Mia war im zweiten Jahr ihres Studiums als sie Alen zusammen gearbeitet hat und bekannt f\u00fcr ihre lebendige und kreative Pers\u00f6nlichkeit. Sie liebt es, neue Ideen zu entwickeln und ist immer offen f\u00fcr Experimente. In ihrer Freizeit engagiert sie sich f\u00fcr soziale Projekte und verbringt viel Zeit in der Natur. Mia glaubt fest daran, dass Kunst und Kreativit\u00e4t die Welt ver\u00e4ndern k\u00f6nnen.<\/p>\n\n\n\n<figure class=\"wp-block-image size-full\"><img loading=\"lazy\" decoding=\"async\" width=\"1024\" height=\"1024\" src=\"https:\/\/stratos-saga.com\/wp-content\/uploads\/2023\/11\/DALL\u00b7E-2023-11-27-11.42.25-A-young-woman-in-her-early-twenties-embodying-a-lively-and-creative-personality.-She-has-an-optimistic-and-artistic-appearance-with-a-style-that-sug.png\" alt=\"\" class=\"wp-image-263\" srcset=\"https:\/\/stratos-saga.com\/wp-content\/uploads\/2023\/11\/DALL\u00b7E-2023-11-27-11.42.25-A-young-woman-in-her-early-twenties-embodying-a-lively-and-creative-personality.-She-has-an-optimistic-and-artistic-appearance-with-a-style-that-sug.png 1024w, https:\/\/stratos-saga.com\/wp-content\/uploads\/2023\/11\/DALL\u00b7E-2023-11-27-11.42.25-A-young-woman-in-her-early-twenties-embodying-a-lively-and-creative-personality.-She-has-an-optimistic-and-artistic-appearance-with-a-style-that-sug-300x300.png 300w, https:\/\/stratos-saga.com\/wp-content\/uploads\/2023\/11\/DALL\u00b7E-2023-11-27-11.42.25-A-young-woman-in-her-early-twenties-embodying-a-lively-and-creative-personality.-She-has-an-optimistic-and-artistic-appearance-with-a-style-that-sug-150x150.png 150w, https:\/\/stratos-saga.com\/wp-content\/uploads\/2023\/11\/DALL\u00b7E-2023-11-27-11.42.25-A-young-woman-in-her-early-twenties-embodying-a-lively-and-creative-personality.-She-has-an-optimistic-and-artistic-appearance-with-a-style-that-sug-768x768.png 768w\" sizes=\"auto, (max-width: 709px) 85vw, (max-width: 909px) 67vw, (max-width: 1362px) 62vw, 840px\" \/><\/figure>\n","protected":false},"excerpt":{"rendered":"<p>Vollst\u00e4ndiger Name: Mia Zyll Geburtsdatum: 7. M\u00e4rz.1992 Studiengang: Informatik Schwerpunkt Integration Medien-Design Interessen: Kunst, Kultur, Natur, soziale Medien Pers\u00f6nliche Eigenschaften: Lebensfroh, kreativ, optimistisch, sozial engagiert Kurze Biografie: Mia war im zweiten Jahr ihres Studiums als sie Alen zusammen gearbeitet hat und bekannt f\u00fcr ihre lebendige und kreative Pers\u00f6nlichkeit. Sie liebt es, neue Ideen zu entwickeln &hellip; <a href=\"https:\/\/stratos-saga.com\/?page_id=260\" class=\"more-link\"><span class=\"screen-reader-text\">\u201eMia Zyll\u201c<\/span> weiterlesen<\/a><\/p>\n","protected":false},"author":1,"featured_media":0,"parent":0,"menu_order":0,"comment_status":"closed","ping_status":"closed","template":"","meta":{"footnotes":""},"class_list":["post-260","page","type-page","status-publish","hentry","post-format-standard"],"_links":{"self":[{"href":"https:\/\/stratos-saga.com\/index.php?rest_route=\/wp\/v2\/pages\/260","targetHints":{"allow":["GET"]}}],"collection":[{"href":"https:\/\/stratos-saga.com\/index.php?rest_route=\/wp\/v2\/pages"}],"about":[{"href":"https:\/\/stratos-saga.com\/index.php?rest_route=\/wp\/v2\/types\/page"}],"author":[{"embeddable":true,"href":"https:\/\/stratos-saga.com\/index.php?rest_route=\/wp\/v2\/users\/1"}],"replies":[{"embeddable":true,"href":"https:\/\/stratos-saga.com\/index.php?rest_route=%2Fwp%2Fv2%2Fcomments&post=260"}],"version-history":[{"count":2,"href":"https:\/\/stratos-saga.com\/index.php?rest_route=\/wp\/v2\/pages\/260\/revisions"}],"predecessor-version":[{"id":265,"href":"https:\/\/stratos-saga.com\/index.php?rest_route=\/wp\/v2\/pages\/260\/revisions\/265"}],"wp:attachment":[{"href":"https:\/\/stratos-saga.com\/index.php?rest_route=%2Fwp%2Fv2%2Fmedia&parent=260"}],"curies":[{"name":"wp","href":"https:\/\/api.w.org\/{rel}","templated":true}]}}