{"id":232,"date":"2023-11-15T11:38:29","date_gmt":"2023-11-15T10:38:29","guid":{"rendered":"https:\/\/stratos-saga.com\/?page_id=232"},"modified":"2025-02-20T12:41:09","modified_gmt":"2025-02-20T11:41:09","slug":"hiroshi-nakamura","status":"publish","type":"page","link":"https:\/\/stratos-saga.com\/?page_id=232","title":{"rendered":"Hiroshi Nakamura"},"content":{"rendered":"\n<p><strong>Name:<\/strong> Hiroshi Nakamura<\/p>\n\n\n\n<p><strong>Geburtsjahr:<\/strong> 1991<\/p>\n\n\n\n<p><strong>Geburtsort:<\/strong> Kyoto, Japan<\/p>\n\n\n\n<p><strong>Eltern:<\/strong><\/p>\n\n\n\n<ul class=\"wp-block-list\">\n<li><strong>Vater:<\/strong> Kenji Nakamura, ein angesehener Lehrer f\u00fcr traditionelle japanische Literatur.<\/li>\n\n\n\n<li><strong>Mutter:<\/strong> Yumi Nakamura, Bibliothekarin und Expertin f\u00fcr japanische Geschichte.<\/li>\n<\/ul>\n\n\n\n<p><strong>Berufliche Laufbahn:<\/strong><\/p>\n\n\n\n<ul class=\"wp-block-list\">\n<li><strong>2011 &#8211; 2012:<\/strong> Student im Ausland, bevor er gezwungen war, sein Studium abzubrechen und nach Japan zur\u00fcckzukehren.<\/li>\n\n\n\n<li><strong>2012:<\/strong> Beginnt eine Arbeit in einem B\u00fcro in Japan, eingef\u00e4delt durch die Kontakte von Charles Fairchild. Der Job stellt sich sp\u00e4ter als weniger bedeutend heraus, als er anfangs erschien.<\/li>\n\n\n\n<li><strong>2013 &#8211; 2023:<\/strong> Entwickelt sich zu einem einflussreichen Kritiker und Gegner der Technologien und Ans\u00e4tze, die Alen Stratos vertritt. Er wird eine Schl\u00fcsselfigur in der \u00f6ffentlichen Debatte \u00fcber KI und deren Auswirkungen auf die Gesellschaft.<\/li>\n<\/ul>\n\n\n\n<p><strong>Pers\u00f6nliche Eigenschaften:<\/strong><\/p>\n\n\n\n<ul class=\"wp-block-list\">\n<li><strong>Werte:<\/strong> Tief verwurzelt in traditionellen japanischen Werten.<\/li>\n\n\n\n<li><strong>Ziele:<\/strong> Urspr\u00fcnglich der Wunsch, im Ausland zu studieren und eine internationale Karriere zu verfolgen. Dieser Traum wird durch die Ereignisse rund um die Intervention von Charles Fairchild zunichtegemacht.<\/li>\n\n\n\n<li><strong>Pers\u00f6nlichkeit:<\/strong> Intelligent, zielstrebig und tief verwurzelt in seiner Kultur. Erlebt einen starken Konflikt zwischen seinen traditionellen Werten und den modernen Ideen, die er w\u00e4hrend seines Auslandsstudiums kennengelernt hat.<\/li>\n<\/ul>\n\n\n\n<p><strong>2023 &#8211; Position und \u00dcberzeugungen:<\/strong><\/p>\n\n\n\n<ul class=\"wp-block-list\">\n<li>Steht KI-Technologien und deren rascher Entwicklung skeptisch gegen\u00fcber, insbesondere den Ideen und Methoden, die von Alen Stratos vertreten werden.<\/li>\n\n\n\n<li>Setzt sich f\u00fcr eine sorgf\u00e4ltige Abw\u00e4gung der ethischen und gesellschaftlichen Implikationen von KI ein und wird zu einer Schl\u00fcsselfigur in der Debatte um die Regulierung und Kontrolle dieser Technologien.<\/li>\n<\/ul>\n\n\n\n<figure class=\"wp-block-gallery has-nested-images columns-default is-cropped wp-block-gallery-1 is-layout-flex wp-block-gallery-is-layout-flex\">\n<figure class=\"wp-block-image size-large\"><img loading=\"lazy\" decoding=\"async\" width=\"1024\" height=\"1024\" data-id=\"234\" src=\"https:\/\/stratos-saga.com\/wp-content\/uploads\/2023\/11\/DALL\u00b7E-2023-11-14-20.47.26-A-20-year-old-young-man-Hiroshi-Nakamura-in-Zurich-looking-very-happy.-He-has-short-black-hair-and-is-wearing-stylish-but-unobtrusive-clothes-comp.png\" alt=\"Hiroshi Nakamura 2011\" class=\"wp-image-234\" srcset=\"https:\/\/stratos-saga.com\/wp-content\/uploads\/2023\/11\/DALL\u00b7E-2023-11-14-20.47.26-A-20-year-old-young-man-Hiroshi-Nakamura-in-Zurich-looking-very-happy.-He-has-short-black-hair-and-is-wearing-stylish-but-unobtrusive-clothes-comp.png 1024w, https:\/\/stratos-saga.com\/wp-content\/uploads\/2023\/11\/DALL\u00b7E-2023-11-14-20.47.26-A-20-year-old-young-man-Hiroshi-Nakamura-in-Zurich-looking-very-happy.-He-has-short-black-hair-and-is-wearing-stylish-but-unobtrusive-clothes-comp-300x300.png 300w, https:\/\/stratos-saga.com\/wp-content\/uploads\/2023\/11\/DALL\u00b7E-2023-11-14-20.47.26-A-20-year-old-young-man-Hiroshi-Nakamura-in-Zurich-looking-very-happy.-He-has-short-black-hair-and-is-wearing-stylish-but-unobtrusive-clothes-comp-150x150.png 150w, https:\/\/stratos-saga.com\/wp-content\/uploads\/2023\/11\/DALL\u00b7E-2023-11-14-20.47.26-A-20-year-old-young-man-Hiroshi-Nakamura-in-Zurich-looking-very-happy.-He-has-short-black-hair-and-is-wearing-stylish-but-unobtrusive-clothes-comp-768x768.png 768w\" sizes=\"auto, (max-width: 709px) 85vw, (max-width: 909px) 67vw, (max-width: 1362px) 62vw, 840px\" \/><figcaption class=\"wp-element-caption\">Alter 20<\/figcaption><\/figure>\n\n\n\n<figure class=\"wp-block-image size-large\"><img loading=\"lazy\" decoding=\"async\" width=\"1024\" height=\"1024\" data-id=\"235\" src=\"https:\/\/stratos-saga.com\/wp-content\/uploads\/2023\/11\/DALL\u00b7E-2023-11-14-20.47.33-Hiroshi-Nakamura-24-years-old-in-an-office-in-Tokyo-showing-signs-of-extensive-work.-He-has-short-black-hair-is-wearing-stylish-yet-subtle-clothes.png\" alt=\"Hiroshi Nakamura 2014\" class=\"wp-image-235\" srcset=\"https:\/\/stratos-saga.com\/wp-content\/uploads\/2023\/11\/DALL\u00b7E-2023-11-14-20.47.33-Hiroshi-Nakamura-24-years-old-in-an-office-in-Tokyo-showing-signs-of-extensive-work.-He-has-short-black-hair-is-wearing-stylish-yet-subtle-clothes.png 1024w, https:\/\/stratos-saga.com\/wp-content\/uploads\/2023\/11\/DALL\u00b7E-2023-11-14-20.47.33-Hiroshi-Nakamura-24-years-old-in-an-office-in-Tokyo-showing-signs-of-extensive-work.-He-has-short-black-hair-is-wearing-stylish-yet-subtle-clothes-300x300.png 300w, https:\/\/stratos-saga.com\/wp-content\/uploads\/2023\/11\/DALL\u00b7E-2023-11-14-20.47.33-Hiroshi-Nakamura-24-years-old-in-an-office-in-Tokyo-showing-signs-of-extensive-work.-He-has-short-black-hair-is-wearing-stylish-yet-subtle-clothes-150x150.png 150w, https:\/\/stratos-saga.com\/wp-content\/uploads\/2023\/11\/DALL\u00b7E-2023-11-14-20.47.33-Hiroshi-Nakamura-24-years-old-in-an-office-in-Tokyo-showing-signs-of-extensive-work.-He-has-short-black-hair-is-wearing-stylish-yet-subtle-clothes-768x768.png 768w\" sizes=\"auto, (max-width: 709px) 85vw, (max-width: 909px) 67vw, (max-width: 1362px) 62vw, 840px\" \/><figcaption class=\"wp-element-caption\">Alter 24<\/figcaption><\/figure>\n\n\n\n<figure class=\"wp-block-image size-large\"><img loading=\"lazy\" decoding=\"async\" width=\"1024\" height=\"1024\" data-id=\"237\" src=\"https:\/\/stratos-saga.com\/wp-content\/uploads\/2023\/11\/DALL\u00b7E-2023-11-14-20.55.26-Hiroshi-Nakamura-32-years-old-Japanese-descent-short-black-hair-wearing-stylish-but-understated-clothes-wearing-glasses.-Hes-speaking-at-an-IT-c.png\" alt=\"Hiroshi Nakamura 2023\" class=\"wp-image-237\" srcset=\"https:\/\/stratos-saga.com\/wp-content\/uploads\/2023\/11\/DALL\u00b7E-2023-11-14-20.55.26-Hiroshi-Nakamura-32-years-old-Japanese-descent-short-black-hair-wearing-stylish-but-understated-clothes-wearing-glasses.-Hes-speaking-at-an-IT-c.png 1024w, https:\/\/stratos-saga.com\/wp-content\/uploads\/2023\/11\/DALL\u00b7E-2023-11-14-20.55.26-Hiroshi-Nakamura-32-years-old-Japanese-descent-short-black-hair-wearing-stylish-but-understated-clothes-wearing-glasses.-Hes-speaking-at-an-IT-c-300x300.png 300w, https:\/\/stratos-saga.com\/wp-content\/uploads\/2023\/11\/DALL\u00b7E-2023-11-14-20.55.26-Hiroshi-Nakamura-32-years-old-Japanese-descent-short-black-hair-wearing-stylish-but-understated-clothes-wearing-glasses.-Hes-speaking-at-an-IT-c-150x150.png 150w, https:\/\/stratos-saga.com\/wp-content\/uploads\/2023\/11\/DALL\u00b7E-2023-11-14-20.55.26-Hiroshi-Nakamura-32-years-old-Japanese-descent-short-black-hair-wearing-stylish-but-understated-clothes-wearing-glasses.-Hes-speaking-at-an-IT-c-768x768.png 768w\" sizes=\"auto, (max-width: 709px) 85vw, (max-width: 909px) 67vw, (max-width: 1362px) 62vw, 840px\" \/><figcaption class=\"wp-element-caption\">Alter 32<\/figcaption><\/figure>\n\n\n\n<figure class=\"wp-block-image size-large\"><img loading=\"lazy\" decoding=\"async\" width=\"1024\" height=\"1024\" data-id=\"530\" src=\"https:\/\/stratos-saga.com\/wp-content\/uploads\/2025\/02\/DALL\u00b7E-2025-02-20-06.55.45-A-dramatic-hospital-press-conference-scene-featuring-Hiroshi-Nakamura-a-middle-aged-Japanese-man-with-short-black-hair-and-glasses.-He-is-sitting-upr.webp\" alt=\"\" class=\"wp-image-530\" srcset=\"https:\/\/stratos-saga.com\/wp-content\/uploads\/2025\/02\/DALL\u00b7E-2025-02-20-06.55.45-A-dramatic-hospital-press-conference-scene-featuring-Hiroshi-Nakamura-a-middle-aged-Japanese-man-with-short-black-hair-and-glasses.-He-is-sitting-upr.webp 1024w, https:\/\/stratos-saga.com\/wp-content\/uploads\/2025\/02\/DALL\u00b7E-2025-02-20-06.55.45-A-dramatic-hospital-press-conference-scene-featuring-Hiroshi-Nakamura-a-middle-aged-Japanese-man-with-short-black-hair-and-glasses.-He-is-sitting-upr-300x300.webp 300w, https:\/\/stratos-saga.com\/wp-content\/uploads\/2025\/02\/DALL\u00b7E-2025-02-20-06.55.45-A-dramatic-hospital-press-conference-scene-featuring-Hiroshi-Nakamura-a-middle-aged-Japanese-man-with-short-black-hair-and-glasses.-He-is-sitting-upr-150x150.webp 150w, https:\/\/stratos-saga.com\/wp-content\/uploads\/2025\/02\/DALL\u00b7E-2025-02-20-06.55.45-A-dramatic-hospital-press-conference-scene-featuring-Hiroshi-Nakamura-a-middle-aged-Japanese-man-with-short-black-hair-and-glasses.-He-is-sitting-upr-768x768.webp 768w\" sizes=\"auto, (max-width: 709px) 85vw, (max-width: 909px) 67vw, (max-width: 1362px) 62vw, 840px\" \/><figcaption class=\"wp-element-caption\">Alter 43<\/figcaption><\/figure>\n\n\n\n<figure class=\"wp-block-image size-large\"><img loading=\"lazy\" decoding=\"async\" width=\"1024\" height=\"1024\" data-id=\"236\" src=\"https:\/\/stratos-saga.com\/wp-content\/uploads\/2023\/11\/DALL\u00b7E-2023-11-14-20.55.18-Hiroshi-Nakamura-aged-53-with-short-black-hair-wearing-stylish-but-modest-clothing-and-glasses.-He-is-portrayed-as-a-leadership-figure-wearing-tra.png\" alt=\"Hiroshi Nakamura 2044\" class=\"wp-image-236\" srcset=\"https:\/\/stratos-saga.com\/wp-content\/uploads\/2023\/11\/DALL\u00b7E-2023-11-14-20.55.18-Hiroshi-Nakamura-aged-53-with-short-black-hair-wearing-stylish-but-modest-clothing-and-glasses.-He-is-portrayed-as-a-leadership-figure-wearing-tra.png 1024w, https:\/\/stratos-saga.com\/wp-content\/uploads\/2023\/11\/DALL\u00b7E-2023-11-14-20.55.18-Hiroshi-Nakamura-aged-53-with-short-black-hair-wearing-stylish-but-modest-clothing-and-glasses.-He-is-portrayed-as-a-leadership-figure-wearing-tra-300x300.png 300w, https:\/\/stratos-saga.com\/wp-content\/uploads\/2023\/11\/DALL\u00b7E-2023-11-14-20.55.18-Hiroshi-Nakamura-aged-53-with-short-black-hair-wearing-stylish-but-modest-clothing-and-glasses.-He-is-portrayed-as-a-leadership-figure-wearing-tra-150x150.png 150w, https:\/\/stratos-saga.com\/wp-content\/uploads\/2023\/11\/DALL\u00b7E-2023-11-14-20.55.18-Hiroshi-Nakamura-aged-53-with-short-black-hair-wearing-stylish-but-modest-clothing-and-glasses.-He-is-portrayed-as-a-leadership-figure-wearing-tra-768x768.png 768w\" sizes=\"auto, (max-width: 709px) 85vw, (max-width: 909px) 67vw, (max-width: 1362px) 62vw, 840px\" \/><figcaption class=\"wp-element-caption\">Alter 53<\/figcaption><\/figure>\n<\/figure>\n\n\n\n<p><\/p>\n","protected":false},"excerpt":{"rendered":"<p>Name: Hiroshi Nakamura Geburtsjahr: 1991 Geburtsort: Kyoto, Japan Eltern: Berufliche Laufbahn: Pers\u00f6nliche Eigenschaften: 2023 &#8211; Position und \u00dcberzeugungen:<\/p>\n","protected":false},"author":1,"featured_media":0,"parent":0,"menu_order":0,"comment_status":"closed","ping_status":"closed","template":"","meta":{"footnotes":""},"class_list":["post-232","page","type-page","status-publish","hentry","post-format-standard"],"_links":{"self":[{"href":"https:\/\/stratos-saga.com\/index.php?rest_route=\/wp\/v2\/pages\/232","targetHints":{"allow":["GET"]}}],"collection":[{"href":"https:\/\/stratos-saga.com\/index.php?rest_route=\/wp\/v2\/pages"}],"about":[{"href":"https:\/\/stratos-saga.com\/index.php?rest_route=\/wp\/v2\/types\/page"}],"author":[{"embeddable":true,"href":"https:\/\/stratos-saga.com\/index.php?rest_route=\/wp\/v2\/users\/1"}],"replies":[{"embeddable":true,"href":"https:\/\/stratos-saga.com\/index.php?rest_route=%2Fwp%2Fv2%2Fcomments&post=232"}],"version-history":[{"count":2,"href":"https:\/\/stratos-saga.com\/index.php?rest_route=\/wp\/v2\/pages\/232\/revisions"}],"predecessor-version":[{"id":531,"href":"https:\/\/stratos-saga.com\/index.php?rest_route=\/wp\/v2\/pages\/232\/revisions\/531"}],"wp:attachment":[{"href":"https:\/\/stratos-saga.com\/index.php?rest_route=%2Fwp%2Fv2%2Fmedia&parent=232"}],"curies":[{"name":"wp","href":"https:\/\/api.w.org\/{rel}","templated":true}]}}