{"id":178,"date":"2023-11-09T02:49:13","date_gmt":"2023-11-09T01:49:13","guid":{"rendered":"https:\/\/stratos-saga.com\/?page_id=178"},"modified":"2023-11-09T02:49:15","modified_gmt":"2023-11-09T01:49:15","slug":"helena-stratos-geb-fischer","status":"publish","type":"page","link":"https:\/\/stratos-saga.com\/?page_id=178","title":{"rendered":"Helena Stratos (geb. Fischer)"},"content":{"rendered":"\n<ul class=\"wp-block-list\">\n<li><strong>Geburtstag<\/strong>: 11. M\u00e4rz 1960<\/li>\n\n\n\n<li><strong>Beruf<\/strong>: Buchhalterin<\/li>\n\n\n\n<li><strong>Geburtsort<\/strong>: Wien, \u00d6sterreich<\/li>\n\n\n\n<li><strong>Wohnort<\/strong>: Ein kleines Dorf in \u00d6sterreich<\/li>\n\n\n\n<li><strong>Aussehen<\/strong>: Helena ist 1,65 m gro\u00df, hat kurzes, dunkelblondes Haar und gr\u00fcne Augen. Sie tr\u00e4gt meistens schlichte, aber elegante Kleidung.<\/li>\n<\/ul>\n","protected":false},"excerpt":{"rendered":"","protected":false},"author":1,"featured_media":0,"parent":0,"menu_order":0,"comment_status":"closed","ping_status":"closed","template":"","meta":{"footnotes":""},"class_list":["post-178","page","type-page","status-publish","hentry","post-format-standard"],"_links":{"self":[{"href":"https:\/\/stratos-saga.com\/index.php?rest_route=\/wp\/v2\/pages\/178","targetHints":{"allow":["GET"]}}],"collection":[{"href":"https:\/\/stratos-saga.com\/index.php?rest_route=\/wp\/v2\/pages"}],"about":[{"href":"https:\/\/stratos-saga.com\/index.php?rest_route=\/wp\/v2\/types\/page"}],"author":[{"embeddable":true,"href":"https:\/\/stratos-saga.com\/index.php?rest_route=\/wp\/v2\/users\/1"}],"replies":[{"embeddable":true,"href":"https:\/\/stratos-saga.com\/index.php?rest_route=%2Fwp%2Fv2%2Fcomments&post=178"}],"version-history":[{"count":1,"href":"https:\/\/stratos-saga.com\/index.php?rest_route=\/wp\/v2\/pages\/178\/revisions"}],"predecessor-version":[{"id":183,"href":"https:\/\/stratos-saga.com\/index.php?rest_route=\/wp\/v2\/pages\/178\/revisions\/183"}],"wp:attachment":[{"href":"https:\/\/stratos-saga.com\/index.php?rest_route=%2Fwp%2Fv2%2Fmedia&parent=178"}],"curies":[{"name":"wp","href":"https:\/\/api.w.org\/{rel}","templated":true}]}}