{"id":172,"date":"2023-11-09T02:46:51","date_gmt":"2023-11-09T01:46:51","guid":{"rendered":"https:\/\/stratos-saga.com\/?page_id=172"},"modified":"2023-11-09T02:46:53","modified_gmt":"2023-11-09T01:46:53","slug":"charles-fairchild","status":"publish","type":"page","link":"https:\/\/stratos-saga.com\/?page_id=172","title":{"rendered":"Charles Fairchild"},"content":{"rendered":"\n<ul class=\"wp-block-list\">\n<li><strong>Geburtstag<\/strong>: 2. Oktober 1961<\/li>\n\n\n\n<li><strong>Beruf<\/strong>: Investmentbanker<\/li>\n\n\n\n<li><strong>Geburtsort<\/strong>: London, Gro\u00dfbritannien<\/li>\n\n\n\n<li><strong>Wohnort<\/strong>: Z\u00fcrich, Schweiz<\/li>\n\n\n\n<li><strong>Aussehen<\/strong>: Charles ist etwa 1,85 m gro\u00df, hat grau meliertes Haar und tr\u00e4gt oft einen Ma\u00dfanzug. Er hat eine elegante Erscheinung und strahlt Autorit\u00e4t aus.<\/li>\n<\/ul>\n","protected":false},"excerpt":{"rendered":"","protected":false},"author":1,"featured_media":0,"parent":0,"menu_order":0,"comment_status":"closed","ping_status":"closed","template":"","meta":{"footnotes":""},"class_list":["post-172","page","type-page","status-publish","hentry","post-format-standard"],"_links":{"self":[{"href":"https:\/\/stratos-saga.com\/index.php?rest_route=\/wp\/v2\/pages\/172","targetHints":{"allow":["GET"]}}],"collection":[{"href":"https:\/\/stratos-saga.com\/index.php?rest_route=\/wp\/v2\/pages"}],"about":[{"href":"https:\/\/stratos-saga.com\/index.php?rest_route=\/wp\/v2\/types\/page"}],"author":[{"embeddable":true,"href":"https:\/\/stratos-saga.com\/index.php?rest_route=\/wp\/v2\/users\/1"}],"replies":[{"embeddable":true,"href":"https:\/\/stratos-saga.com\/index.php?rest_route=%2Fwp%2Fv2%2Fcomments&post=172"}],"version-history":[{"count":1,"href":"https:\/\/stratos-saga.com\/index.php?rest_route=\/wp\/v2\/pages\/172\/revisions"}],"predecessor-version":[{"id":175,"href":"https:\/\/stratos-saga.com\/index.php?rest_route=\/wp\/v2\/pages\/172\/revisions\/175"}],"wp:attachment":[{"href":"https:\/\/stratos-saga.com\/index.php?rest_route=%2Fwp%2Fv2%2Fmedia&parent=172"}],"curies":[{"name":"wp","href":"https:\/\/api.w.org\/{rel}","templated":true}]}}