{"id":170,"date":"2023-11-09T02:45:56","date_gmt":"2023-11-09T01:45:56","guid":{"rendered":"https:\/\/stratos-saga.com\/?page_id=170"},"modified":"2023-11-09T02:45:58","modified_gmt":"2023-11-09T01:45:58","slug":"olivia-fairchild","status":"publish","type":"page","link":"https:\/\/stratos-saga.com\/?page_id=170","title":{"rendered":"Olivia Fairchild"},"content":{"rendered":"\n<ul class=\"wp-block-list\">\n<li><strong>Geburtstag<\/strong>: 8. Dezember 1988<\/li>\n\n\n\n<li><strong>Beruf<\/strong>: Veterin\u00e4r\u00e4rztin<\/li>\n\n\n\n<li><strong>Wohnort<\/strong>: Paris, Frankreich<\/li>\n\n\n\n<li><strong>Aussehen<\/strong>: Olivia ist etwa 1,75 m gro\u00df, hat blondes Haar und blaue Augen. Sie tr\u00e4gt immer die neuesten Modetrends und legt gro\u00dfen Wert auf ihr Erscheinungsbild.<\/li>\n<\/ul>\n","protected":false},"excerpt":{"rendered":"","protected":false},"author":1,"featured_media":0,"parent":0,"menu_order":0,"comment_status":"closed","ping_status":"closed","template":"","meta":{"footnotes":""},"class_list":["post-170","page","type-page","status-publish","hentry","post-format-standard"],"_links":{"self":[{"href":"https:\/\/stratos-saga.com\/index.php?rest_route=\/wp\/v2\/pages\/170","targetHints":{"allow":["GET"]}}],"collection":[{"href":"https:\/\/stratos-saga.com\/index.php?rest_route=\/wp\/v2\/pages"}],"about":[{"href":"https:\/\/stratos-saga.com\/index.php?rest_route=\/wp\/v2\/types\/page"}],"author":[{"embeddable":true,"href":"https:\/\/stratos-saga.com\/index.php?rest_route=\/wp\/v2\/users\/1"}],"replies":[{"embeddable":true,"href":"https:\/\/stratos-saga.com\/index.php?rest_route=%2Fwp%2Fv2%2Fcomments&post=170"}],"version-history":[{"count":1,"href":"https:\/\/stratos-saga.com\/index.php?rest_route=\/wp\/v2\/pages\/170\/revisions"}],"predecessor-version":[{"id":173,"href":"https:\/\/stratos-saga.com\/index.php?rest_route=\/wp\/v2\/pages\/170\/revisions\/173"}],"wp:attachment":[{"href":"https:\/\/stratos-saga.com\/index.php?rest_route=%2Fwp%2Fv2%2Fmedia&parent=170"}],"curies":[{"name":"wp","href":"https:\/\/api.w.org\/{rel}","templated":true}]}}