{"id":166,"date":"2023-11-09T02:42:46","date_gmt":"2023-11-09T01:42:46","guid":{"rendered":"https:\/\/stratos-saga.com\/?page_id=166"},"modified":"2024-12-02T08:42:40","modified_gmt":"2024-12-02T07:42:40","slug":"max-fairchild","status":"publish","type":"page","link":"https:\/\/stratos-saga.com\/?page_id=166","title":{"rendered":"Max Fairchild"},"content":{"rendered":"\n<ul class=\"wp-block-list\">\n<li><strong>Geburtstag<\/strong>: 27. April 1989<\/li>\n\n\n\n<li><strong>Studiengang<\/strong>: Jura (hat aber gewechselt)<\/li>\n\n\n\n<li><strong>Wohnort<\/strong>: Z\u00fcrich, Schweiz (zum Studieren)<\/li>\n\n\n\n<li><strong>Aussehen<\/strong>: Max ist 1,80 m gro\u00df, hat braune Haare und tr\u00e4gt oft leger-schicke Kleidung, einschlie\u00dflich seiner Designer-Uhr. Er hat ein charmantes L\u00e4cheln und strahlt Selbstbewusstsein aus.<\/li>\n<\/ul>\n\n\n\n<figure class=\"wp-block-gallery has-nested-images columns-default is-cropped wp-block-gallery-1 is-layout-flex wp-block-gallery-is-layout-flex\">\n<figure class=\"wp-block-image size-large\"><img loading=\"lazy\" decoding=\"async\" width=\"1024\" height=\"1024\" data-id=\"359\" src=\"https:\/\/stratos-saga.com\/wp-content\/uploads\/2024\/12\/max-anfang-studium.png\" alt=\"\" class=\"wp-image-359\" srcset=\"https:\/\/stratos-saga.com\/wp-content\/uploads\/2024\/12\/max-anfang-studium.png 1024w, https:\/\/stratos-saga.com\/wp-content\/uploads\/2024\/12\/max-anfang-studium-300x300.png 300w, https:\/\/stratos-saga.com\/wp-content\/uploads\/2024\/12\/max-anfang-studium-150x150.png 150w, https:\/\/stratos-saga.com\/wp-content\/uploads\/2024\/12\/max-anfang-studium-768x768.png 768w\" sizes=\"auto, (max-width: 709px) 85vw, (max-width: 909px) 67vw, (max-width: 1362px) 62vw, 840px\" \/><figcaption class=\"wp-element-caption\">Alter 23<\/figcaption><\/figure>\n\n\n\n<figure class=\"wp-block-image size-large\"><img loading=\"lazy\" decoding=\"async\" width=\"1024\" height=\"1024\" data-id=\"360\" src=\"https:\/\/stratos-saga.com\/wp-content\/uploads\/2024\/12\/max-ende-studium.png\" alt=\"\" class=\"wp-image-360\" srcset=\"https:\/\/stratos-saga.com\/wp-content\/uploads\/2024\/12\/max-ende-studium.png 1024w, https:\/\/stratos-saga.com\/wp-content\/uploads\/2024\/12\/max-ende-studium-300x300.png 300w, https:\/\/stratos-saga.com\/wp-content\/uploads\/2024\/12\/max-ende-studium-150x150.png 150w, https:\/\/stratos-saga.com\/wp-content\/uploads\/2024\/12\/max-ende-studium-768x768.png 768w\" sizes=\"auto, (max-width: 709px) 85vw, (max-width: 909px) 67vw, (max-width: 1362px) 62vw, 840px\" \/><figcaption class=\"wp-element-caption\">Alter 25<\/figcaption><\/figure>\n<\/figure>\n","protected":false},"excerpt":{"rendered":"","protected":false},"author":1,"featured_media":0,"parent":0,"menu_order":0,"comment_status":"closed","ping_status":"closed","template":"","meta":{"footnotes":""},"class_list":["post-166","page","type-page","status-publish","hentry","post-format-standard"],"_links":{"self":[{"href":"https:\/\/stratos-saga.com\/index.php?rest_route=\/wp\/v2\/pages\/166","targetHints":{"allow":["GET"]}}],"collection":[{"href":"https:\/\/stratos-saga.com\/index.php?rest_route=\/wp\/v2\/pages"}],"about":[{"href":"https:\/\/stratos-saga.com\/index.php?rest_route=\/wp\/v2\/types\/page"}],"author":[{"embeddable":true,"href":"https:\/\/stratos-saga.com\/index.php?rest_route=\/wp\/v2\/users\/1"}],"replies":[{"embeddable":true,"href":"https:\/\/stratos-saga.com\/index.php?rest_route=%2Fwp%2Fv2%2Fcomments&post=166"}],"version-history":[{"count":2,"href":"https:\/\/stratos-saga.com\/index.php?rest_route=\/wp\/v2\/pages\/166\/revisions"}],"predecessor-version":[{"id":362,"href":"https:\/\/stratos-saga.com\/index.php?rest_route=\/wp\/v2\/pages\/166\/revisions\/362"}],"wp:attachment":[{"href":"https:\/\/stratos-saga.com\/index.php?rest_route=%2Fwp%2Fv2%2Fmedia&parent=166"}],"curies":[{"name":"wp","href":"https:\/\/api.w.org\/{rel}","templated":true}]}}