{"id":111,"date":"2023-11-07T00:35:05","date_gmt":"2023-11-06T23:35:05","guid":{"rendered":"https:\/\/stratos-saga.com\/?page_id=111"},"modified":"2025-02-13T06:14:40","modified_gmt":"2025-02-13T05:14:40","slug":"alen-stratos","status":"publish","type":"page","link":"https:\/\/stratos-saga.com\/?page_id=111","title":{"rendered":"Alen Stratos"},"content":{"rendered":"\n<ul class=\"wp-block-list\">\n<li><strong>Geburtstag<\/strong>: 23. Juni 1989<\/li>\n\n\n\n<li><strong>Studiengang<\/strong>: Linguistik und Maschinelles Lernen (LLM)<\/li>\n\n\n\n<li><strong>Wohnort<\/strong>: Z\u00fcrich, Schweiz (zum Studieren)<\/li>\n\n\n\n<li><strong>Aussehen<\/strong>: Alen ist 1,82 m gro\u00df, hat kurze schwarze Haare und braune Augen. Er kleidet sich eher unauff\u00e4llig, mit Ausnahme seines alten Linux-Laptops und seines Android-Smartphones aus dem Jahr 2010.<\/li>\n\n\n\n<li><strong>Familienstand:<\/strong> Verheiratet (2024) mit Alex; geschieden (2030); eine Tochter (Maya Stratos, geboren 2028)<\/li>\n<\/ul>\n\n\n\n<div class=\"wp-block-group is-nowrap is-layout-flex wp-container-core-group-is-layout-ad2f72ca wp-block-group-is-layout-flex\">\n<figure class=\"wp-block-gallery has-nested-images columns-default is-cropped wp-block-gallery-1 is-layout-flex wp-block-gallery-is-layout-flex\">\n<figure class=\"wp-block-image size-large\"><img loading=\"lazy\" decoding=\"async\" width=\"1024\" height=\"1024\" data-id=\"86\" src=\"https:\/\/stratos-saga.com\/wp-content\/uploads\/2023\/11\/DALL\u00b7E-2023-11-06-22.47.17-Portrait-of-a-young-Alen-Stratos-from-2011-a-male-student-of-mixed-Greek-descent-with-olive-skin-short-black-hair-and-brown-eyes-seated-in-a-unive.png\" alt=\"Alen Stratos 2011\" class=\"wp-image-86\" srcset=\"https:\/\/stratos-saga.com\/wp-content\/uploads\/2023\/11\/DALL\u00b7E-2023-11-06-22.47.17-Portrait-of-a-young-Alen-Stratos-from-2011-a-male-student-of-mixed-Greek-descent-with-olive-skin-short-black-hair-and-brown-eyes-seated-in-a-unive.png 1024w, https:\/\/stratos-saga.com\/wp-content\/uploads\/2023\/11\/DALL\u00b7E-2023-11-06-22.47.17-Portrait-of-a-young-Alen-Stratos-from-2011-a-male-student-of-mixed-Greek-descent-with-olive-skin-short-black-hair-and-brown-eyes-seated-in-a-unive-300x300.png 300w, https:\/\/stratos-saga.com\/wp-content\/uploads\/2023\/11\/DALL\u00b7E-2023-11-06-22.47.17-Portrait-of-a-young-Alen-Stratos-from-2011-a-male-student-of-mixed-Greek-descent-with-olive-skin-short-black-hair-and-brown-eyes-seated-in-a-unive-150x150.png 150w, https:\/\/stratos-saga.com\/wp-content\/uploads\/2023\/11\/DALL\u00b7E-2023-11-06-22.47.17-Portrait-of-a-young-Alen-Stratos-from-2011-a-male-student-of-mixed-Greek-descent-with-olive-skin-short-black-hair-and-brown-eyes-seated-in-a-unive-768x768.png 768w\" sizes=\"auto, (max-width: 709px) 85vw, (max-width: 909px) 67vw, (max-width: 1362px) 62vw, 840px\" \/><figcaption class=\"wp-element-caption\">Alter 22<\/figcaption><\/figure>\n\n\n\n<figure class=\"wp-block-image size-large\"><img loading=\"lazy\" decoding=\"async\" width=\"1024\" height=\"1024\" data-id=\"93\" src=\"https:\/\/stratos-saga.com\/wp-content\/uploads\/2023\/11\/DALL\u00b7E-2023-11-06-23.40.15-Alen-Stratos-at-a-party-during-his-study-years-specifically-in-2012-when-he-was-23-years-old.-He-is-of-Greek-descent-with-olive-skin-has-short-black.png\" alt=\"Alen Stratos 2012\" class=\"wp-image-93\" srcset=\"https:\/\/stratos-saga.com\/wp-content\/uploads\/2023\/11\/DALL\u00b7E-2023-11-06-23.40.15-Alen-Stratos-at-a-party-during-his-study-years-specifically-in-2012-when-he-was-23-years-old.-He-is-of-Greek-descent-with-olive-skin-has-short-black.png 1024w, https:\/\/stratos-saga.com\/wp-content\/uploads\/2023\/11\/DALL\u00b7E-2023-11-06-23.40.15-Alen-Stratos-at-a-party-during-his-study-years-specifically-in-2012-when-he-was-23-years-old.-He-is-of-Greek-descent-with-olive-skin-has-short-black-300x300.png 300w, https:\/\/stratos-saga.com\/wp-content\/uploads\/2023\/11\/DALL\u00b7E-2023-11-06-23.40.15-Alen-Stratos-at-a-party-during-his-study-years-specifically-in-2012-when-he-was-23-years-old.-He-is-of-Greek-descent-with-olive-skin-has-short-black-150x150.png 150w, https:\/\/stratos-saga.com\/wp-content\/uploads\/2023\/11\/DALL\u00b7E-2023-11-06-23.40.15-Alen-Stratos-at-a-party-during-his-study-years-specifically-in-2012-when-he-was-23-years-old.-He-is-of-Greek-descent-with-olive-skin-has-short-black-768x768.png 768w\" sizes=\"auto, (max-width: 709px) 85vw, (max-width: 909px) 67vw, (max-width: 1362px) 62vw, 840px\" \/><figcaption class=\"wp-element-caption\">Alter 23<\/figcaption><\/figure>\n\n\n\n<figure class=\"wp-block-image size-large\"><img loading=\"lazy\" decoding=\"async\" width=\"1024\" height=\"1024\" data-id=\"94\" src=\"https:\/\/stratos-saga.com\/wp-content\/uploads\/2023\/11\/DALL\u00b7E-2023-11-06-23.41.53-A-rear-view-of-Alen-Stratos-at-about-25-years-old-seated-at-a-desk-engrossed-in-his-studies.-He-has-olive-skin-short-black-hair-and-is-surrounded-b.png\" alt=\"Alen Stratos 2014\" class=\"wp-image-94\" srcset=\"https:\/\/stratos-saga.com\/wp-content\/uploads\/2023\/11\/DALL\u00b7E-2023-11-06-23.41.53-A-rear-view-of-Alen-Stratos-at-about-25-years-old-seated-at-a-desk-engrossed-in-his-studies.-He-has-olive-skin-short-black-hair-and-is-surrounded-b.png 1024w, https:\/\/stratos-saga.com\/wp-content\/uploads\/2023\/11\/DALL\u00b7E-2023-11-06-23.41.53-A-rear-view-of-Alen-Stratos-at-about-25-years-old-seated-at-a-desk-engrossed-in-his-studies.-He-has-olive-skin-short-black-hair-and-is-surrounded-b-300x300.png 300w, https:\/\/stratos-saga.com\/wp-content\/uploads\/2023\/11\/DALL\u00b7E-2023-11-06-23.41.53-A-rear-view-of-Alen-Stratos-at-about-25-years-old-seated-at-a-desk-engrossed-in-his-studies.-He-has-olive-skin-short-black-hair-and-is-surrounded-b-150x150.png 150w, https:\/\/stratos-saga.com\/wp-content\/uploads\/2023\/11\/DALL\u00b7E-2023-11-06-23.41.53-A-rear-view-of-Alen-Stratos-at-about-25-years-old-seated-at-a-desk-engrossed-in-his-studies.-He-has-olive-skin-short-black-hair-and-is-surrounded-b-768x768.png 768w\" sizes=\"auto, (max-width: 709px) 85vw, (max-width: 909px) 67vw, (max-width: 1362px) 62vw, 840px\" \/><figcaption class=\"wp-element-caption\">Alter 25<\/figcaption><\/figure>\n\n\n\n<figure class=\"wp-block-image size-large\"><img loading=\"lazy\" decoding=\"async\" width=\"1024\" height=\"1024\" data-id=\"88\" src=\"https:\/\/stratos-saga.com\/wp-content\/uploads\/2023\/11\/DALL\u00b7E-2023-11-06-23.26.28-Image-of-Alen-Stratos-as-a-young-adult-in-a-computer-lab-circa-2017.-He-is-of-mixed-Greek-descent-with-olive-skin-slightly-longer-black-hair-and-b.png\" alt=\"Alen Stratos 2017\" class=\"wp-image-88\" srcset=\"https:\/\/stratos-saga.com\/wp-content\/uploads\/2023\/11\/DALL\u00b7E-2023-11-06-23.26.28-Image-of-Alen-Stratos-as-a-young-adult-in-a-computer-lab-circa-2017.-He-is-of-mixed-Greek-descent-with-olive-skin-slightly-longer-black-hair-and-b.png 1024w, https:\/\/stratos-saga.com\/wp-content\/uploads\/2023\/11\/DALL\u00b7E-2023-11-06-23.26.28-Image-of-Alen-Stratos-as-a-young-adult-in-a-computer-lab-circa-2017.-He-is-of-mixed-Greek-descent-with-olive-skin-slightly-longer-black-hair-and-b-300x300.png 300w, https:\/\/stratos-saga.com\/wp-content\/uploads\/2023\/11\/DALL\u00b7E-2023-11-06-23.26.28-Image-of-Alen-Stratos-as-a-young-adult-in-a-computer-lab-circa-2017.-He-is-of-mixed-Greek-descent-with-olive-skin-slightly-longer-black-hair-and-b-150x150.png 150w, https:\/\/stratos-saga.com\/wp-content\/uploads\/2023\/11\/DALL\u00b7E-2023-11-06-23.26.28-Image-of-Alen-Stratos-as-a-young-adult-in-a-computer-lab-circa-2017.-He-is-of-mixed-Greek-descent-with-olive-skin-slightly-longer-black-hair-and-b-768x768.png 768w\" sizes=\"auto, (max-width: 709px) 85vw, (max-width: 909px) 67vw, (max-width: 1362px) 62vw, 840px\" \/><figcaption class=\"wp-element-caption\">Alter 28<\/figcaption><\/figure>\n\n\n\n<figure class=\"wp-block-image size-large\"><img loading=\"lazy\" decoding=\"async\" width=\"585\" height=\"1024\" data-id=\"87\" src=\"https:\/\/stratos-saga.com\/wp-content\/uploads\/2023\/11\/DALL\u00b7E-2023-11-06-23.28.21-Alen-Stratos-in-2023-as-a-speaker-at-a-prestigious-event.-He-is-a-male-of-Greek-descent-with-olive-skin-short-black-hair-and-brown-eyes.-He-stands-c-585x1024.png\" alt=\"Alen Stratos 2023\" class=\"wp-image-87\" srcset=\"https:\/\/stratos-saga.com\/wp-content\/uploads\/2023\/11\/DALL\u00b7E-2023-11-06-23.28.21-Alen-Stratos-in-2023-as-a-speaker-at-a-prestigious-event.-He-is-a-male-of-Greek-descent-with-olive-skin-short-black-hair-and-brown-eyes.-He-stands-c-585x1024.png 585w, https:\/\/stratos-saga.com\/wp-content\/uploads\/2023\/11\/DALL\u00b7E-2023-11-06-23.28.21-Alen-Stratos-in-2023-as-a-speaker-at-a-prestigious-event.-He-is-a-male-of-Greek-descent-with-olive-skin-short-black-hair-and-brown-eyes.-He-stands-c-171x300.png 171w, https:\/\/stratos-saga.com\/wp-content\/uploads\/2023\/11\/DALL\u00b7E-2023-11-06-23.28.21-Alen-Stratos-in-2023-as-a-speaker-at-a-prestigious-event.-He-is-a-male-of-Greek-descent-with-olive-skin-short-black-hair-and-brown-eyes.-He-stands-c-768x1344.png 768w, https:\/\/stratos-saga.com\/wp-content\/uploads\/2023\/11\/DALL\u00b7E-2023-11-06-23.28.21-Alen-Stratos-in-2023-as-a-speaker-at-a-prestigious-event.-He-is-a-male-of-Greek-descent-with-olive-skin-short-black-hair-and-brown-eyes.-He-stands-c-878x1536.png 878w, https:\/\/stratos-saga.com\/wp-content\/uploads\/2023\/11\/DALL\u00b7E-2023-11-06-23.28.21-Alen-Stratos-in-2023-as-a-speaker-at-a-prestigious-event.-He-is-a-male-of-Greek-descent-with-olive-skin-short-black-hair-and-brown-eyes.-He-stands-c.png 1024w\" sizes=\"auto, (max-width: 585px) 85vw, 585px\" \/><figcaption class=\"wp-element-caption\">Alter 34<\/figcaption><\/figure>\n\n\n\n<figure class=\"wp-block-image size-large\"><img loading=\"lazy\" decoding=\"async\" width=\"585\" height=\"1024\" data-id=\"89\" src=\"https:\/\/stratos-saga.com\/wp-content\/uploads\/2023\/11\/DALL\u00b7E-2023-11-06-23.30.36-Alen-Stratos-around-2030-portrayed-as-the-CEO-of-a-multinational-corporation.-He-is-a-male-of-Greek-descent-with-olive-skin-distinguished-short-blac-585x1024.png\" alt=\"Alen Stratos 2030\" class=\"wp-image-89\" srcset=\"https:\/\/stratos-saga.com\/wp-content\/uploads\/2023\/11\/DALL\u00b7E-2023-11-06-23.30.36-Alen-Stratos-around-2030-portrayed-as-the-CEO-of-a-multinational-corporation.-He-is-a-male-of-Greek-descent-with-olive-skin-distinguished-short-blac-585x1024.png 585w, https:\/\/stratos-saga.com\/wp-content\/uploads\/2023\/11\/DALL\u00b7E-2023-11-06-23.30.36-Alen-Stratos-around-2030-portrayed-as-the-CEO-of-a-multinational-corporation.-He-is-a-male-of-Greek-descent-with-olive-skin-distinguished-short-blac-171x300.png 171w, https:\/\/stratos-saga.com\/wp-content\/uploads\/2023\/11\/DALL\u00b7E-2023-11-06-23.30.36-Alen-Stratos-around-2030-portrayed-as-the-CEO-of-a-multinational-corporation.-He-is-a-male-of-Greek-descent-with-olive-skin-distinguished-short-blac-768x1344.png 768w, https:\/\/stratos-saga.com\/wp-content\/uploads\/2023\/11\/DALL\u00b7E-2023-11-06-23.30.36-Alen-Stratos-around-2030-portrayed-as-the-CEO-of-a-multinational-corporation.-He-is-a-male-of-Greek-descent-with-olive-skin-distinguished-short-blac-878x1536.png 878w, https:\/\/stratos-saga.com\/wp-content\/uploads\/2023\/11\/DALL\u00b7E-2023-11-06-23.30.36-Alen-Stratos-around-2030-portrayed-as-the-CEO-of-a-multinational-corporation.-He-is-a-male-of-Greek-descent-with-olive-skin-distinguished-short-blac.png 1024w\" sizes=\"auto, (max-width: 585px) 85vw, 585px\" \/><figcaption class=\"wp-element-caption\">Alter 41<\/figcaption><\/figure>\n\n\n\n<figure class=\"wp-block-image size-large\"><img loading=\"lazy\" decoding=\"async\" width=\"585\" height=\"1024\" data-id=\"85\" src=\"https:\/\/stratos-saga.com\/wp-content\/uploads\/2023\/11\/DALL\u00b7E-2023-11-06-22.47.27-Portrait-of-Alen-Stratos-as-a-CEO-of-mixed-Greek-descent-with-olive-skin-graying-short-black-hair-and-brown-eyes-holding-a-baby-of-mixed-Asian-de-585x1024.png\" alt=\"Alen Stratos 2033\" class=\"wp-image-85\" srcset=\"https:\/\/stratos-saga.com\/wp-content\/uploads\/2023\/11\/DALL\u00b7E-2023-11-06-22.47.27-Portrait-of-Alen-Stratos-as-a-CEO-of-mixed-Greek-descent-with-olive-skin-graying-short-black-hair-and-brown-eyes-holding-a-baby-of-mixed-Asian-de-585x1024.png 585w, https:\/\/stratos-saga.com\/wp-content\/uploads\/2023\/11\/DALL\u00b7E-2023-11-06-22.47.27-Portrait-of-Alen-Stratos-as-a-CEO-of-mixed-Greek-descent-with-olive-skin-graying-short-black-hair-and-brown-eyes-holding-a-baby-of-mixed-Asian-de-171x300.png 171w, https:\/\/stratos-saga.com\/wp-content\/uploads\/2023\/11\/DALL\u00b7E-2023-11-06-22.47.27-Portrait-of-Alen-Stratos-as-a-CEO-of-mixed-Greek-descent-with-olive-skin-graying-short-black-hair-and-brown-eyes-holding-a-baby-of-mixed-Asian-de-768x1344.png 768w, https:\/\/stratos-saga.com\/wp-content\/uploads\/2023\/11\/DALL\u00b7E-2023-11-06-22.47.27-Portrait-of-Alen-Stratos-as-a-CEO-of-mixed-Greek-descent-with-olive-skin-graying-short-black-hair-and-brown-eyes-holding-a-baby-of-mixed-Asian-de-878x1536.png 878w, https:\/\/stratos-saga.com\/wp-content\/uploads\/2023\/11\/DALL\u00b7E-2023-11-06-22.47.27-Portrait-of-Alen-Stratos-as-a-CEO-of-mixed-Greek-descent-with-olive-skin-graying-short-black-hair-and-brown-eyes-holding-a-baby-of-mixed-Asian-de.png 1024w\" sizes=\"auto, (max-width: 585px) 85vw, 585px\" \/><figcaption class=\"wp-element-caption\">Alter 44<\/figcaption><\/figure>\n\n\n\n<figure class=\"wp-block-image size-large\"><img loading=\"lazy\" decoding=\"async\" width=\"1024\" height=\"585\" data-id=\"95\" src=\"https:\/\/stratos-saga.com\/wp-content\/uploads\/2023\/11\/DALL\u00b7E-2023-11-06-23.46.52-A-mature-man-of-about-55-years-old-with-a-descent-that-reflects-Greek-heritage-standing-next-to-a-massive-private-space-launch-vehicle.-The-rocket-i-1024x585.png\" alt=\"Alen Stratos 2044\" class=\"wp-image-95\" srcset=\"https:\/\/stratos-saga.com\/wp-content\/uploads\/2023\/11\/DALL\u00b7E-2023-11-06-23.46.52-A-mature-man-of-about-55-years-old-with-a-descent-that-reflects-Greek-heritage-standing-next-to-a-massive-private-space-launch-vehicle.-The-rocket-i-1024x585.png 1024w, https:\/\/stratos-saga.com\/wp-content\/uploads\/2023\/11\/DALL\u00b7E-2023-11-06-23.46.52-A-mature-man-of-about-55-years-old-with-a-descent-that-reflects-Greek-heritage-standing-next-to-a-massive-private-space-launch-vehicle.-The-rocket-i-300x171.png 300w, https:\/\/stratos-saga.com\/wp-content\/uploads\/2023\/11\/DALL\u00b7E-2023-11-06-23.46.52-A-mature-man-of-about-55-years-old-with-a-descent-that-reflects-Greek-heritage-standing-next-to-a-massive-private-space-launch-vehicle.-The-rocket-i-768x439.png 768w, https:\/\/stratos-saga.com\/wp-content\/uploads\/2023\/11\/DALL\u00b7E-2023-11-06-23.46.52-A-mature-man-of-about-55-years-old-with-a-descent-that-reflects-Greek-heritage-standing-next-to-a-massive-private-space-launch-vehicle.-The-rocket-i-1536x878.png 1536w, https:\/\/stratos-saga.com\/wp-content\/uploads\/2023\/11\/DALL\u00b7E-2023-11-06-23.46.52-A-mature-man-of-about-55-years-old-with-a-descent-that-reflects-Greek-heritage-standing-next-to-a-massive-private-space-launch-vehicle.-The-rocket-i-1200x686.png 1200w, https:\/\/stratos-saga.com\/wp-content\/uploads\/2023\/11\/DALL\u00b7E-2023-11-06-23.46.52-A-mature-man-of-about-55-years-old-with-a-descent-that-reflects-Greek-heritage-standing-next-to-a-massive-private-space-launch-vehicle.-The-rocket-i.png 1792w\" sizes=\"auto, (max-width: 709px) 85vw, (max-width: 909px) 67vw, (max-width: 1362px) 62vw, 840px\" \/><figcaption class=\"wp-element-caption\">Alter 55<\/figcaption><\/figure>\n\n\n\n<figure class=\"wp-block-image size-large\"><img loading=\"lazy\" decoding=\"async\" width=\"585\" height=\"1024\" data-id=\"92\" src=\"https:\/\/stratos-saga.com\/wp-content\/uploads\/2023\/11\/DALL\u00b7E-2023-11-06-23.38.42-Alen-Stratos-at-the-age-of-72-depicted-in-a-contemplative-mood-looking-up-towards-the-sky.-He-is-a-male-of-Greek-descent-with-olive-skin-now-with-d-585x1024.png\" alt=\"Alen Stratos 2061\" class=\"wp-image-92\" srcset=\"https:\/\/stratos-saga.com\/wp-content\/uploads\/2023\/11\/DALL\u00b7E-2023-11-06-23.38.42-Alen-Stratos-at-the-age-of-72-depicted-in-a-contemplative-mood-looking-up-towards-the-sky.-He-is-a-male-of-Greek-descent-with-olive-skin-now-with-d-585x1024.png 585w, https:\/\/stratos-saga.com\/wp-content\/uploads\/2023\/11\/DALL\u00b7E-2023-11-06-23.38.42-Alen-Stratos-at-the-age-of-72-depicted-in-a-contemplative-mood-looking-up-towards-the-sky.-He-is-a-male-of-Greek-descent-with-olive-skin-now-with-d-171x300.png 171w, https:\/\/stratos-saga.com\/wp-content\/uploads\/2023\/11\/DALL\u00b7E-2023-11-06-23.38.42-Alen-Stratos-at-the-age-of-72-depicted-in-a-contemplative-mood-looking-up-towards-the-sky.-He-is-a-male-of-Greek-descent-with-olive-skin-now-with-d-768x1344.png 768w, https:\/\/stratos-saga.com\/wp-content\/uploads\/2023\/11\/DALL\u00b7E-2023-11-06-23.38.42-Alen-Stratos-at-the-age-of-72-depicted-in-a-contemplative-mood-looking-up-towards-the-sky.-He-is-a-male-of-Greek-descent-with-olive-skin-now-with-d-878x1536.png 878w, https:\/\/stratos-saga.com\/wp-content\/uploads\/2023\/11\/DALL\u00b7E-2023-11-06-23.38.42-Alen-Stratos-at-the-age-of-72-depicted-in-a-contemplative-mood-looking-up-towards-the-sky.-He-is-a-male-of-Greek-descent-with-olive-skin-now-with-d.png 1024w\" sizes=\"auto, (max-width: 585px) 85vw, 585px\" \/><figcaption class=\"wp-element-caption\">Alter 72<\/figcaption><\/figure>\n<\/figure>\n<\/div>\n\n\n\n<h3 class=\"wp-block-heading\"><strong>Bildungsweg<\/strong><\/h3>\n\n\n\n<ul class=\"wp-block-list\">\n<li><strong>2011-2014:<\/strong> Bachelor in Informatik, ETH Z\u00fcrich<\/li>\n<\/ul>\n\n\n\n<p>Neben dem Studium Ver\u00f6ffentlichung des Buches <em>\u201eEffizienz von Sortieralgorithmen\u201c<\/em>, das ihm Extra-Credits einbrachte.<\/p>\n\n\n\n<ul class=\"wp-block-list\">\n<li><strong>2014-2016:<\/strong> Master in Computer Science, ETH Z\u00fcrich<\/li>\n<\/ul>\n\n\n\n<p>Teilnahme an einem Fast-Track-Programm zur Verk\u00fcrzung des Studiums.<br>Masterarbeit \u00fcber Mensch-Maschine-Schnittstellen mit Fokus auf adaptive Algorithmen und Multimodalit\u00e4t.<\/p>\n\n\n\n<ul class=\"wp-block-list\">\n<li>Abschluss mit Auszeichnung, trotz pers\u00f6nlicher Unzufriedenheit \u00fcber die Arbeit.<\/li>\n<\/ul>\n\n\n\n<h3 class=\"wp-block-heading\"><strong>Beruflicher Werdegang<\/strong><\/h3>\n\n\n\n<ul class=\"wp-block-list\">\n<li><strong>2016-2019:<\/strong> Junior Software Engineer, Z\u00fcrich<\/li>\n<\/ul>\n\n\n\n<p>Entwicklung von IT-Infrastrukturl\u00f6sungen f\u00fcr multinationale Unternehmen. Erste praktische Arbeiten mit LSTM-Modellen und KI-Chatbots. Wechsel nach Frankfurt am Main 2019.<\/p>\n\n\n\n<ul class=\"wp-block-list\">\n<li><strong>2019-2022:<\/strong> Senior Engineer, Frankfurt<\/li>\n<\/ul>\n\n\n\n<p>Leitung eines internen Projekts f\u00fcr KI-gest\u00fctzte Mitarbeitersysteme. W\u00e4hrend der Corona-Pandemie R\u00fcckbesinnung auf seine Masterarbeit und Entwicklung der Vision von BIIL (<em>Boundless Infinite Interface Link<\/em>).<\/p>\n\n\n\n<ul class=\"wp-block-list\">\n<li><strong>2023:<\/strong> Gr\u00fcndung von CelestiaTech<\/li>\n<\/ul>\n\n\n\n<p>Mit Alex und Max. Ziel: Entwicklung und Verbreitung von BIIL. Pers\u00f6nliche und berufliche Herausforderungen pr\u00e4gen die fr\u00fchen Jahre der Firma.<\/p>\n\n\n\n<h3 class=\"wp-block-heading\"><strong>Wichtige Lebensereignisse<\/strong><\/h3>\n\n\n\n<ul class=\"wp-block-list\">\n<li><strong>2011:<\/strong> Beginn des Studiums an der ETH Z\u00fcrich.<\/li>\n\n\n\n<li><strong>2015:<\/strong> Beziehung zu Alex beginnt; Fernbeziehung zwischen Z\u00fcrich und Berlin.<\/li>\n\n\n\n<li><strong>2023:<\/strong> Gr\u00fcndung von CelestiaTech; Alex und Alen kommen wieder zusammen, gepr\u00e4gt durch ihre Zusammenarbeit.<\/li>\n\n\n\n<li><strong>2024:<\/strong> Hochzeit von Alen und Alex.<\/li>\n\n\n\n<li><strong>2028:<\/strong> Geburt ihrer Tochter Maya.<\/li>\n\n\n\n<li><strong>2030:<\/strong> Scheidung; Alen und Alex gehen getrennte Wege, bleiben aber beruflich verbunden.<\/li>\n<\/ul>\n\n\n\n<h3 class=\"wp-block-heading\"><strong>Familie<\/strong><\/h3>\n\n\n\n<ul class=\"wp-block-list\">\n<li><strong>Maya Stratos:<\/strong><\/li>\n<\/ul>\n\n\n\n<p>Geboren 2028, Maya ist die Verbindung zwischen Alen und Alex nach der Scheidung.<\/p>\n","protected":false},"excerpt":{"rendered":"<p>Bildungsweg Neben dem Studium Ver\u00f6ffentlichung des Buches \u201eEffizienz von Sortieralgorithmen\u201c, das ihm Extra-Credits einbrachte. Teilnahme an einem Fast-Track-Programm zur Verk\u00fcrzung des Studiums.Masterarbeit \u00fcber Mensch-Maschine-Schnittstellen mit Fokus auf adaptive Algorithmen und Multimodalit\u00e4t. Beruflicher Werdegang Entwicklung von IT-Infrastrukturl\u00f6sungen f\u00fcr multinationale Unternehmen. Erste praktische Arbeiten mit LSTM-Modellen und KI-Chatbots. Wechsel nach Frankfurt am Main 2019. Leitung eines internen &hellip; <a href=\"https:\/\/stratos-saga.com\/?page_id=111\" class=\"more-link\"><span class=\"screen-reader-text\">\u201eAlen Stratos\u201c<\/span> weiterlesen<\/a><\/p>\n","protected":false},"author":1,"featured_media":0,"parent":0,"menu_order":0,"comment_status":"closed","ping_status":"closed","template":"","meta":{"footnotes":""},"class_list":["post-111","page","type-page","status-publish","hentry","post-format-standard"],"_links":{"self":[{"href":"https:\/\/stratos-saga.com\/index.php?rest_route=\/wp\/v2\/pages\/111","targetHints":{"allow":["GET"]}}],"collection":[{"href":"https:\/\/stratos-saga.com\/index.php?rest_route=\/wp\/v2\/pages"}],"about":[{"href":"https:\/\/stratos-saga.com\/index.php?rest_route=\/wp\/v2\/types\/page"}],"author":[{"embeddable":true,"href":"https:\/\/stratos-saga.com\/index.php?rest_route=\/wp\/v2\/users\/1"}],"replies":[{"embeddable":true,"href":"https:\/\/stratos-saga.com\/index.php?rest_route=%2Fwp%2Fv2%2Fcomments&post=111"}],"version-history":[{"count":4,"href":"https:\/\/stratos-saga.com\/index.php?rest_route=\/wp\/v2\/pages\/111\/revisions"}],"predecessor-version":[{"id":520,"href":"https:\/\/stratos-saga.com\/index.php?rest_route=\/wp\/v2\/pages\/111\/revisions\/520"}],"wp:attachment":[{"href":"https:\/\/stratos-saga.com\/index.php?rest_route=%2Fwp%2Fv2%2Fmedia&parent=111"}],"curies":[{"name":"wp","href":"https:\/\/api.w.org\/{rel}","templated":true}]}}